{"id":777,"date":"2025-04-19T13:07:42","date_gmt":"2025-04-19T11:07:42","guid":{"rendered":"https:\/\/kodarto.de\/schulungen\/?page_id=777"},"modified":"2026-02-05T12:55:11","modified_gmt":"2026-02-05T11:55:11","slug":"404-2","status":"publish","type":"page","link":"https:\/\/kodarto.de\/schulungen\/404-2\/","title":{"rendered":"404"},"content":{"rendered":"<div class=\"wp-bootstrap-blocks-container container mb-2 py-5\">\n\t\n\n<h1 class=\"wp-block-heading\">Die Seite konnte leider nicht gefunden werden.<\/h1>\n\n\n\n<p>Diesen Link gibt es nicht (mehr). M\u00f6chten Sie stattdessen zur\u00fcck zur <a href=\"https:\/\/kodarto.de\/schulungen\/\">Startseite<\/a>?<\/p>\n\n<\/div>\n\n\n<div class=\"kd-fullwidth-wrapper-block d-flex align-items-center  py-5 my-0 kd-fullwidth-wrapper-block--containered\"\n     style=\"background-color: rgb(246,246,246)\">\n\t    <div class=\"container kd-fullwidth-wrapper-block__container\">\n\t\t        \n\n<h2 class=\"wp-block-heading py-3\">Oder schauen Sie sich einen dieser Kurse an:<\/h2>\n\n\n\n<div class=\"row\">\n<div class=\"col-lg-4 col-md-6 col-xxl-3\"><a href=\"https:\/\/kodarto.de\/schulungen\/kurs\/einfuehrung-digitale-barrierefreiheit-online\/\"\n   class=\"kd-kurs-preview-block \"\n\t   aria-label=\"Details zum Kurs Digitale Barrierefreiheit Online Kurs (Online) aufrufen\">\n    <div class=\"kd-kurs-preview-block__img-wrapper w-100\">\n\t\t            <div class=\"kd-kurs-preview-block__badge kd-kurs-preview-block__badge--online bg-primary text-white\">\n                Online\n            <\/div>\n\t\t\t\t\t\t        <img decoding=\"async\" src=\"https:\/\/kodarto.de\/schulungen\/wp-content\/uploads\/2024\/07\/schulung-einfuehrung-barrierefreiheit-300x300.jpg\"\n             alt=\"\"\n             class=\"kd-kurs-preview-block__img w-100\">\n    <\/div>\n    <div class=\"w-100 p-4 flex-grow-1\">\n        <p class=\"kd-kurs-preview-block__data small mb-3\">20. Mai 2026            | 09:00 bis 16:00<\/p>\n        <h3 class=\"kd-kurs-preview-block__title mb-2\">Digitale Barrierefreiheit Online Kurs <\/h3>\n        <p class=\"kd-kurs-preview-block__description mb-0\">\n\t\t\tDie Grundlagen digitaler Barrierefreiheit: Konzeption, Gestaltung und Umsetzung. Das m\u00fcssen Sie f\u00fcr das BFSG und eine barrierefreie Website wissen.        <\/p>\n    <\/div>\n    <p class=\"btn btn-primary w-100 mb-0 py-3\">Details und weitere Termine anzeigen<\/p>\n<\/a>\n\n\n\n<\/div>\n\n\n\n<div class=\"col-lg-4 col-md-6 col-xxl-3\"><a href=\"https:\/\/kodarto.de\/schulungen\/kurs\/woocommerce-shops\/\"\n   class=\"kd-kurs-preview-block \"\n\t   aria-label=\"Details zum Kurs WooCommerce Shops Online Schulung (Online) aufrufen\">\n    <div class=\"kd-kurs-preview-block__img-wrapper w-100\">\n\t\t            <div class=\"kd-kurs-preview-block__badge kd-kurs-preview-block__badge--online bg-primary text-white\">\n                Online\n            <\/div>\n\t\t\t\t\t\t        <img decoding=\"async\" src=\"https:\/\/kodarto.de\/schulungen\/wp-content\/uploads\/2024\/07\/rubaitul-azad-GzHo3VJR0IE-unsplash-300x300.jpg\"\n             alt=\"\"\n             class=\"kd-kurs-preview-block__img w-100\">\n    <\/div>\n    <div class=\"w-100 p-4 flex-grow-1\">\n        <p class=\"kd-kurs-preview-block__data small mb-3\">21. Mai 2026            | 09:00 bis 16:00<\/p>\n        <h3 class=\"kd-kurs-preview-block__title mb-2\">WooCommerce Shops Online Schulung <\/h3>\n        <p class=\"kd-kurs-preview-block__description mb-0\">\n\t\t\tF\u00fcr Shopbetreiber:innen und Selbst\u00e4ndige: praxisnaher \u00dcberblick \u00fcber alle Funktionen, Prozesse und Werkzeuge von WooCommerce \u2013 verst\u00e4ndlich und effizient erkl\u00e4rt.        <\/p>\n    <\/div>\n    <p class=\"btn btn-primary w-100 mb-0 py-3\">Details und weitere Termine anzeigen<\/p>\n<\/a>\n\n\n\n<\/div>\n\n\n\n<div class=\"col-lg-4 col-md-6 col-xxl-3\"><a href=\"https:\/\/kodarto.de\/schulungen\/kurs\/wordpress-fuer-admins-online\/\"\n   class=\"kd-kurs-preview-block \"\n\t   aria-label=\"Details zum Kurs WordPress f\u00fcr Administratoren Online Schulung (Online) aufrufen\">\n    <div class=\"kd-kurs-preview-block__img-wrapper w-100\">\n\t\t            <div class=\"kd-kurs-preview-block__badge kd-kurs-preview-block__badge--online bg-primary text-white\">\n                Online\n            <\/div>\n\t\t\t\t\t\t        <img decoding=\"async\" src=\"https:\/\/kodarto.de\/schulungen\/wp-content\/uploads\/2024\/06\/wordpress-administratoren-300x300.jpg\"\n             alt=\"\"\n             class=\"kd-kurs-preview-block__img w-100\">\n    <\/div>\n    <div class=\"w-100 p-4 flex-grow-1\">\n        <p class=\"kd-kurs-preview-block__data small mb-3\">12. Mai 2026            | 09:00 bis 16:00<\/p>\n        <h3 class=\"kd-kurs-preview-block__title mb-2\">WordPress f\u00fcr Administratoren Online Schulung <\/h3>\n        <p class=\"kd-kurs-preview-block__description mb-0\">\n\t\t\tVerwalten Sie WordPress sicher und effizient: Lernen Sie Nutzerrollen, Wartung, Backups, Updates und alle wichtigen Admin-Funktionen f\u00fcr den reibungslosen Betrieb Ihrer Website.        <\/p>\n    <\/div>\n    <p class=\"btn btn-primary w-100 mb-0 py-3\">Details und weitere Termine anzeigen<\/p>\n<\/a>\n\n\n\n<\/div>\n\n\n\n<div class=\"col-lg-4 col-md-6 col-xxl-3\"><a href=\"https:\/\/kodarto.de\/schulungen\/kurs\/wordpress-fuer-entwickler-online\/\"\n   class=\"kd-kurs-preview-block \"\n\t   aria-label=\"Details zum Kurs WordPress Entwicklung (Online) aufrufen\">\n    <div class=\"kd-kurs-preview-block__img-wrapper w-100\">\n\t\t            <div class=\"kd-kurs-preview-block__badge kd-kurs-preview-block__badge--online bg-primary text-white\">\n                Online\n            <\/div>\n\t\t\t\t            <div class=\"kd-kurs-preview-block__badge kd-kurs-preview-block__badge--rabatt bg-danger text-white\">\n                Fr\u00fchbucher-Rabatt\n            <\/div>\n\t\t\t\t        <img decoding=\"async\" src=\"https:\/\/kodarto.de\/schulungen\/wp-content\/uploads\/2024\/06\/schulung-wordpress-entwickler-300x300.jpg\"\n             alt=\"\"\n             class=\"kd-kurs-preview-block__img w-100\">\n    <\/div>\n    <div class=\"w-100 p-4 flex-grow-1\">\n        <p class=\"kd-kurs-preview-block__data small mb-3\">17. Juni 2026            | 08:00 bis 17:00<\/p>\n        <h3 class=\"kd-kurs-preview-block__title mb-2\">WordPress Entwicklung <\/h3>\n        <p class=\"kd-kurs-preview-block__description mb-0\">\n\t\t\tEigene Themes und Plugins entwickeln, sauber mit Hooks, Templates und dem Block-Editor arbeiten \u2013 praxisnahes Dev-Wissen f\u00fcr individuelle WordPress-Projekte.        <\/p>\n    <\/div>\n    <p class=\"btn btn-primary w-100 mb-0 py-3\">Details und weitere Termine anzeigen<\/p>\n<\/a>\n\n\n\n<\/div>\n<\/div>\n\n\n\t\t    <\/div>\n<\/div>\n","protected":false},"excerpt":{"rendered":"<p> [&#8230;]<\/p>\n<p><a class=\"btn btn-secondary understrap-read-more-link\" href=\"https:\/\/kodarto.de\/schulungen\/404-2\/\">Weiterlesen\u00a0\u2026<span class=\"screen-reader-text\"> from 404<\/span><\/a><\/p>\n","protected":false},"author":1,"featured_media":0,"parent":0,"menu_order":0,"comment_status":"closed","ping_status":"closed","template":"","meta":{"_acf_changed":false,"footnotes":""},"class_list":["post-777","page","type-page","status-publish","hentry"],"acf":[],"yoast_head":"<!-- This site is optimized with the Yoast SEO plugin v26.7 - https:\/\/yoast.com\/wordpress\/plugins\/seo\/ -->\n<title>404 - kodarto Schulungen<\/title>\n<meta name=\"robots\" content=\"noindex, follow\" \/>\n<meta property=\"og:locale\" content=\"de_DE\" \/>\n<meta property=\"og:type\" content=\"article\" \/>\n<meta property=\"og:title\" content=\"404 - kodarto Schulungen\" \/>\n<meta property=\"og:description\" content=\"[...]Weiterlesen\u00a0\u2026 from 404\" \/>\n<meta property=\"og:url\" content=\"https:\/\/kodarto.de\/schulungen\/404-2\/\" \/>\n<meta property=\"og:site_name\" content=\"kodarto Schulungen\" \/>\n<meta property=\"article:modified_time\" content=\"2026-02-05T11:55:11+00:00\" \/>\n<meta name=\"twitter:card\" content=\"summary_large_image\" \/>\n<meta name=\"twitter:label1\" content=\"Gesch\u00e4tzte Lesezeit\" \/>\n\t<meta name=\"twitter:data1\" content=\"1\u00a0Minute\" \/>\n<script type=\"application\/ld+json\" class=\"yoast-schema-graph\">{\"@context\":\"https:\/\/schema.org\",\"@graph\":[{\"@type\":\"WebPage\",\"@id\":\"https:\/\/kodarto.de\/schulungen\/404-2\/\",\"url\":\"https:\/\/kodarto.de\/schulungen\/404-2\/\",\"name\":\"404 - kodarto Schulungen\",\"isPartOf\":{\"@id\":\"https:\/\/kodarto.de\/schulungen\/#website\"},\"datePublished\":\"2025-04-19T11:07:42+00:00\",\"dateModified\":\"2026-02-05T11:55:11+00:00\",\"breadcrumb\":{\"@id\":\"https:\/\/kodarto.de\/schulungen\/404-2\/#breadcrumb\"},\"inLanguage\":\"de\",\"potentialAction\":[{\"@type\":\"ReadAction\",\"target\":[\"https:\/\/kodarto.de\/schulungen\/404-2\/\"]}]},{\"@type\":\"BreadcrumbList\",\"@id\":\"https:\/\/kodarto.de\/schulungen\/404-2\/#breadcrumb\",\"itemListElement\":[{\"@type\":\"ListItem\",\"position\":1,\"name\":\"Home\",\"item\":\"https:\/\/kodarto.de\/schulungen\/\"},{\"@type\":\"ListItem\",\"position\":2,\"name\":\"404\"}]},{\"@type\":\"WebSite\",\"@id\":\"https:\/\/kodarto.de\/schulungen\/#website\",\"url\":\"https:\/\/kodarto.de\/schulungen\/\",\"name\":\"kodarto Schulungen\",\"description\":\"\",\"publisher\":{\"@id\":\"https:\/\/kodarto.de\/schulungen\/#organization\"},\"potentialAction\":[{\"@type\":\"SearchAction\",\"target\":{\"@type\":\"EntryPoint\",\"urlTemplate\":\"https:\/\/kodarto.de\/schulungen\/?s={search_term_string}\"},\"query-input\":{\"@type\":\"PropertyValueSpecification\",\"valueRequired\":true,\"valueName\":\"search_term_string\"}}],\"inLanguage\":\"de\"},{\"@type\":\"Organization\",\"@id\":\"https:\/\/kodarto.de\/schulungen\/#organization\",\"name\":\"kodarto Schulungen\",\"url\":\"https:\/\/kodarto.de\/schulungen\/\",\"logo\":{\"@type\":\"ImageObject\",\"inLanguage\":\"de\",\"@id\":\"https:\/\/kodarto.de\/schulungen\/#\/schema\/logo\/image\/\",\"url\":\"https:\/\/kodarto.de\/schulungen\/wp-content\/uploads\/2025\/04\/kodarto-schulungen-logo-2.svg\",\"contentUrl\":\"https:\/\/kodarto.de\/schulungen\/wp-content\/uploads\/2025\/04\/kodarto-schulungen-logo-2.svg\",\"width\":206,\"height\":77,\"caption\":\"kodarto Schulungen\"},\"image\":{\"@id\":\"https:\/\/kodarto.de\/schulungen\/#\/schema\/logo\/image\/\"}}]}<\/script>\n<!-- \/ Yoast SEO plugin. -->","yoast_head_json":{"title":"404 - kodarto Schulungen","robots":{"index":"noindex","follow":"follow"},"og_locale":"de_DE","og_type":"article","og_title":"404 - kodarto Schulungen","og_description":"[...]Weiterlesen\u00a0\u2026 from 404","og_url":"https:\/\/kodarto.de\/schulungen\/404-2\/","og_site_name":"kodarto Schulungen","article_modified_time":"2026-02-05T11:55:11+00:00","twitter_card":"summary_large_image","twitter_misc":{"Gesch\u00e4tzte Lesezeit":"1\u00a0Minute"},"schema":{"@context":"https:\/\/schema.org","@graph":[{"@type":"WebPage","@id":"https:\/\/kodarto.de\/schulungen\/404-2\/","url":"https:\/\/kodarto.de\/schulungen\/404-2\/","name":"404 - kodarto Schulungen","isPartOf":{"@id":"https:\/\/kodarto.de\/schulungen\/#website"},"datePublished":"2025-04-19T11:07:42+00:00","dateModified":"2026-02-05T11:55:11+00:00","breadcrumb":{"@id":"https:\/\/kodarto.de\/schulungen\/404-2\/#breadcrumb"},"inLanguage":"de","potentialAction":[{"@type":"ReadAction","target":["https:\/\/kodarto.de\/schulungen\/404-2\/"]}]},{"@type":"BreadcrumbList","@id":"https:\/\/kodarto.de\/schulungen\/404-2\/#breadcrumb","itemListElement":[{"@type":"ListItem","position":1,"name":"Home","item":"https:\/\/kodarto.de\/schulungen\/"},{"@type":"ListItem","position":2,"name":"404"}]},{"@type":"WebSite","@id":"https:\/\/kodarto.de\/schulungen\/#website","url":"https:\/\/kodarto.de\/schulungen\/","name":"kodarto Schulungen","description":"","publisher":{"@id":"https:\/\/kodarto.de\/schulungen\/#organization"},"potentialAction":[{"@type":"SearchAction","target":{"@type":"EntryPoint","urlTemplate":"https:\/\/kodarto.de\/schulungen\/?s={search_term_string}"},"query-input":{"@type":"PropertyValueSpecification","valueRequired":true,"valueName":"search_term_string"}}],"inLanguage":"de"},{"@type":"Organization","@id":"https:\/\/kodarto.de\/schulungen\/#organization","name":"kodarto Schulungen","url":"https:\/\/kodarto.de\/schulungen\/","logo":{"@type":"ImageObject","inLanguage":"de","@id":"https:\/\/kodarto.de\/schulungen\/#\/schema\/logo\/image\/","url":"https:\/\/kodarto.de\/schulungen\/wp-content\/uploads\/2025\/04\/kodarto-schulungen-logo-2.svg","contentUrl":"https:\/\/kodarto.de\/schulungen\/wp-content\/uploads\/2025\/04\/kodarto-schulungen-logo-2.svg","width":206,"height":77,"caption":"kodarto Schulungen"},"image":{"@id":"https:\/\/kodarto.de\/schulungen\/#\/schema\/logo\/image\/"}}]}},"_links":{"self":[{"href":"https:\/\/kodarto.de\/schulungen\/wp-json\/wp\/v2\/pages\/777","targetHints":{"allow":["GET"]}}],"collection":[{"href":"https:\/\/kodarto.de\/schulungen\/wp-json\/wp\/v2\/pages"}],"about":[{"href":"https:\/\/kodarto.de\/schulungen\/wp-json\/wp\/v2\/types\/page"}],"author":[{"embeddable":true,"href":"https:\/\/kodarto.de\/schulungen\/wp-json\/wp\/v2\/users\/1"}],"replies":[{"embeddable":true,"href":"https:\/\/kodarto.de\/schulungen\/wp-json\/wp\/v2\/comments?post=777"}],"version-history":[{"count":13,"href":"https:\/\/kodarto.de\/schulungen\/wp-json\/wp\/v2\/pages\/777\/revisions"}],"predecessor-version":[{"id":1926,"href":"https:\/\/kodarto.de\/schulungen\/wp-json\/wp\/v2\/pages\/777\/revisions\/1926"}],"wp:attachment":[{"href":"https:\/\/kodarto.de\/schulungen\/wp-json\/wp\/v2\/media?parent=777"}],"curies":[{"name":"wp","href":"https:\/\/api.w.org\/{rel}","templated":true}]}}